{"id":2198,"date":"2022-02-10T12:46:41","date_gmt":"2022-02-10T17:46:41","guid":{"rendered":"http:\/\/celluleka.com\/return-policy\/"},"modified":"2022-02-16T11:14:58","modified_gmt":"2022-02-16T16:14:58","slug":"return-policy","status":"publish","type":"page","link":"https:\/\/celluleka.com\/en\/return-policy\/","title":{"rendered":"Return policy"},"content":{"rendered":"<div class=\"fusion-fullwidth fullwidth-box fusion-builder-row-1 fusion-flex-container nonhundred-percent-fullwidth non-hundred-percent-height-scrolling\" style=\"--awb-border-radius-top-left:0px;--awb-border-radius-top-right:0px;--awb-border-radius-bottom-right:0px;--awb-border-radius-bottom-left:0px;--awb-flex-wrap:wrap;\" ><div class=\"fusion-builder-row fusion-row fusion-flex-align-items-flex-start fusion-flex-content-wrap\" style=\"max-width:1144px;margin-left: calc(-4% \/ 2 );margin-right: calc(-4% \/ 2 );\"><div class=\"fusion-layout-column fusion_builder_column fusion-builder-column-0 fusion_builder_column_1_1 1_1 fusion-flex-column\" style=\"--awb-bg-size:cover;--awb-width-large:100%;--awb-margin-top-large:0px;--awb-spacing-right-large:1.92%;--awb-margin-bottom-large:20px;--awb-spacing-left-large:1.92%;--awb-width-medium:100%;--awb-order-medium:0;--awb-spacing-right-medium:1.92%;--awb-spacing-left-medium:1.92%;--awb-width-small:100%;--awb-order-small:0;--awb-spacing-right-small:1.92%;--awb-spacing-left-small:1.92%;\"><div class=\"fusion-column-wrapper fusion-column-has-shadow fusion-flex-justify-content-flex-start fusion-content-layout-column\"><div class=\"fusion-text fusion-text-1\" style=\"--awb-text-transform:none;\"><h1>Politique de retour<\/h1>\n<hr \/>\n<h2>L&#8217;acheteur dispose de 14 jours pour retourner son achat.<\/h2>\n<p>L&#8217;\u0153uvre doit \u00eatre renvoy\u00e9e \u00e0 l&#8217;artiste en parfaite condition, dans son emballage original.<br \/>\nTous les articles \u00e9ligibles peuvent \u00eatre retourn\u00e9s \u00e0 moins d&#8217;indications contraires.<\/p>\n<p>Certains produits ne sont pas \u00e9ligibles \u00e0 notre politique de retour :<br \/>\n\u2022 Les commandes personnalis\u00e9es ou produits sur commande r\u00e9alis\u00e9s sp\u00e9cifiquement pour l\u2019acheteur.<br \/>\n\u2022 Les imprim\u00e9s ou reproductions sur demande.<br \/>\n\u2022 Les commandes sp\u00e9ciales comprenant une politique de retour sp\u00e9cifiquement mentionn\u00e9e.<\/p>\n<p>Dans le cas o\u00f9 une \u0153uvre arrive endommag\u00e9e \u00e0 l\u2019adresse de livraison, vous devez nous contacter d\u00e8s que vous constatez le dommage. Nous vous recommandons de prendre des photos de l\u2019\u0153uvre dans son \u00e9bat \u00e0 l\u2019arriv\u00e9e.<\/p>\n<p>Selon la gravit\u00e9 des d\u00e9g\u00e2ts estim\u00e9s, nous pouvons restaurer l\u2019\u0153uvre et vous la retourner ou vous rembourser. Nous prenons \u00e0 notre charge les frais de restauration et de transport en cas de dommage lors de la livraison.<\/p>\n<p><img decoding=\"async\" class=\"lazyload size-full wp-image-22\" src=\"data:image\/svg+xml,%3Csvg%20xmlns%3D%27http%3A%2F%2Fwww.w3.org%2F2000%2Fsvg%27%20width%3D%2797%27%20height%3D%2722%27%20viewBox%3D%270%200%2097%2022%27%3E%3Crect%20width%3D%2797%27%20height%3D%2722%27%20fill-opacity%3D%220%22%2F%3E%3C%2Fsvg%3E\" data-orig-src=\"http:\/\/celluleka.com\/wp-content\/uploads\/2019\/03\/ck-couverture-y-or-97x22.png\" alt=\"Cellule K\u00e4\" width=\"97\" height=\"22\" \/><\/p>\n<\/div><\/div><\/div><\/div><\/div>\n","protected":false},"excerpt":{"rendered":"","protected":false},"author":1,"featured_media":0,"parent":0,"menu_order":0,"comment_status":"closed","ping_status":"closed","template":"","meta":{"_monsterinsights_skip_tracking":false,"_monsterinsights_sitenote_active":false,"_monsterinsights_sitenote_note":"","_monsterinsights_sitenote_category":0,"footnotes":""},"tags":[],"class_list":["post-2198","page","type-page","status-publish","hentry"],"_links":{"self":[{"href":"https:\/\/celluleka.com\/en\/wp-json\/wp\/v2\/pages\/2198","targetHints":{"allow":["GET"]}}],"collection":[{"href":"https:\/\/celluleka.com\/en\/wp-json\/wp\/v2\/pages"}],"about":[{"href":"https:\/\/celluleka.com\/en\/wp-json\/wp\/v2\/types\/page"}],"author":[{"embeddable":true,"href":"https:\/\/celluleka.com\/en\/wp-json\/wp\/v2\/users\/1"}],"replies":[{"embeddable":true,"href":"https:\/\/celluleka.com\/en\/wp-json\/wp\/v2\/comments?post=2198"}],"version-history":[{"count":3,"href":"https:\/\/celluleka.com\/en\/wp-json\/wp\/v2\/pages\/2198\/revisions"}],"predecessor-version":[{"id":2201,"href":"https:\/\/celluleka.com\/en\/wp-json\/wp\/v2\/pages\/2198\/revisions\/2201"}],"wp:attachment":[{"href":"https:\/\/celluleka.com\/en\/wp-json\/wp\/v2\/media?parent=2198"}],"wp:term":[{"taxonomy":"post_tag","embeddable":true,"href":"https:\/\/celluleka.com\/en\/wp-json\/wp\/v2\/tags?post=2198"}],"curies":[{"name":"wp","href":"https:\/\/api.w.org\/{rel}","templated":true}]}}