{"id":2389,"date":"2022-02-10T16:19:36","date_gmt":"2022-02-10T21:19:36","guid":{"rendered":"http:\/\/celluleka.com\/shipping-policy\/"},"modified":"2022-02-25T12:25:25","modified_gmt":"2022-02-25T17:25:25","slug":"shipping-policy","status":"publish","type":"page","link":"https:\/\/celluleka.com\/en\/shipping-policy\/","title":{"rendered":"Shipping Policy"},"content":{"rendered":"<div class=\"fusion-fullwidth fullwidth-box fusion-builder-row-1 fusion-flex-container nonhundred-percent-fullwidth non-hundred-percent-height-scrolling\" style=\"--awb-border-radius-top-left:0px;--awb-border-radius-top-right:0px;--awb-border-radius-bottom-right:0px;--awb-border-radius-bottom-left:0px;--awb-flex-wrap:wrap;\" ><div class=\"fusion-builder-row fusion-row fusion-flex-align-items-flex-start fusion-flex-content-wrap\" style=\"max-width:1144px;margin-left: calc(-4% \/ 2 );margin-right: calc(-4% \/ 2 );\"><div class=\"fusion-layout-column fusion_builder_column fusion-builder-column-0 fusion_builder_column_1_1 1_1 fusion-flex-column\" style=\"--awb-bg-size:cover;--awb-width-large:100%;--awb-margin-top-large:0px;--awb-spacing-right-large:1.92%;--awb-margin-bottom-large:20px;--awb-spacing-left-large:1.92%;--awb-width-medium:100%;--awb-order-medium:0;--awb-spacing-right-medium:1.92%;--awb-spacing-left-medium:1.92%;--awb-width-small:100%;--awb-order-small:0;--awb-spacing-right-small:1.92%;--awb-spacing-left-small:1.92%;\"><div class=\"fusion-column-wrapper fusion-column-has-shadow fusion-flex-justify-content-flex-start fusion-content-layout-column\"><div class=\"fusion-text fusion-text-1\" style=\"--awb-text-transform:none;\"><h1 class=\"fusion-responsive-typography-calculated\" style=\"--fontsize: 34; line-height: 1.4;\" data-fontsize=\"34\" data-lineheight=\"47.6px\">Politique d&#8217;exp\u00e9dition<\/h1>\n<hr>\n<h1>Achat local<\/h1>\n<h2 style=\"font-family: Amaranth; font-weight: 400;\">Livraison<\/h2>\n<p>Pour un achat local dans la ville de Qu\u00e9bec, nous vous contactons dans les 48 heures suivant votre achat pour confirmer la disponibilit\u00e9 de l\u2019\u0153uvre et prendre un rendez-vous pour la livraison \u00e0 votre adresse.<\/p>\n<h2>Retrait sur rendez-vous<\/h2>\n<p>Vous pouvez choisir de venir retirer votre commande gratuitement sur rendez-vous \u00e0 nos bureaux ou \u00e0 un point de relais au moment et au lieu convenus.<\/p>\n<p>Un courriel vous est envoy\u00e9 d\u00e8s que votre commande est pr\u00eate \u00e0 \u00eatre r\u00e9cup\u00e9r\u00e9e. Vous devez attendre la r\u00e9ception de ce courriel avant de vous pr\u00e9senter. Nous vous demanderons de nous pr\u00e9senter votre courriel de confirmation et une pi\u00e8ce d&#8217;identit\u00e9 avec photo pour r\u00e9cup\u00e9rer votre commande.<\/p>\n<h1>Envoi au national et \u00e0 l\u2019international<\/h1>\n<h2 style=\"font-family: Amaranth; font-weight: 400;\" data-fusion-font=\"true\" data-fusion-google-font=\"Amaranth\" data-fusion-google-variant=\"400\">Partout \u00e0 travers le monde par Postes Canada ou un service de livraison priv\u00e9.<\/h2>\n<p>Nous vous contactons dans les 48 heures suivant votre achat pour confirmer la disponibilit\u00e9 de l\u2019\u0153uvre. Nous vous enverrons ensuite votre num\u00e9ro de rep\u00e9rage pour le suivi et la livraison.<\/p>\n<h2>Droits et taxes d&#8217;importation<\/h2>\n<p>Votre commande peut \u00eatre soumise \u00e0 des droits et taxes d&#8217;importation, qui sont encourus une fois que l&#8217;envoi atteint votre pays de destination. Notre entreprise n&#8217;est pas responsable de ces frais s&#8217;ils sont appliqu\u00e9s et sont \u00e0 votre charge en tant que client.<\/p>\n<h2>La r\u00e9ception<\/h2>\n<p>Lorsque votre commande sera exp\u00e9di\u00e9e, vous recevrez une notification par courriel de notre part qui comprendra un num\u00e9ro de suivi que vous pourrez utiliser pour v\u00e9rifier son statut. Veuillez pr\u00e9voir un d\u00e9lai de 48 heures pour que les informations de suivi soient disponibles.<\/p>\n<p>Si vous n&#8217;avez pas re\u00e7u votre commande dans les 14 jours suivant la r\u00e9ception de votre courriel de confirmation d&#8217;exp\u00e9dition, veuillez nous contacter \u00e0 l\u2019aide de notre formulaire de <a href=\"http:\/\/celluleka.com\/en\/contact\/\">CONTACT<\/a> en indiquant votre nom et votre num\u00e9ro de commande, et nous ferons le n\u00e9cessaire pour vous.<\/p>\n<p><img decoding=\"async\" class=\"lazyload alignnone size-full wp-image-23\" style=\"font-size: 16px;\" src=\"data:image\/svg+xml,%3Csvg%20xmlns%3D%27http%3A%2F%2Fwww.w3.org%2F2000%2Fsvg%27%20width%3D%2797%27%20height%3D%2722%27%20viewBox%3D%270%200%2097%2022%27%3E%3Crect%20width%3D%2797%27%20height%3D%2722%27%20fill-opacity%3D%220%22%2F%3E%3C%2Fsvg%3E\" data-orig-src=\"http:\/\/celluleka.com\/wp-content\/uploads\/2019\/03\/ck-couverture-y-or-97x22-1.png\" alt=\"\" width=\"97\" height=\"22\"><\/p>\n<\/div><\/div><\/div><\/div><\/div>\n","protected":false},"excerpt":{"rendered":"","protected":false},"author":1,"featured_media":0,"parent":0,"menu_order":0,"comment_status":"closed","ping_status":"closed","template":"","meta":{"_monsterinsights_skip_tracking":false,"_monsterinsights_sitenote_active":false,"_monsterinsights_sitenote_note":"","_monsterinsights_sitenote_category":0,"footnotes":""},"tags":[],"class_list":["post-2389","page","type-page","status-publish","hentry"],"_links":{"self":[{"href":"https:\/\/celluleka.com\/en\/wp-json\/wp\/v2\/pages\/2389","targetHints":{"allow":["GET"]}}],"collection":[{"href":"https:\/\/celluleka.com\/en\/wp-json\/wp\/v2\/pages"}],"about":[{"href":"https:\/\/celluleka.com\/en\/wp-json\/wp\/v2\/types\/page"}],"author":[{"embeddable":true,"href":"https:\/\/celluleka.com\/en\/wp-json\/wp\/v2\/users\/1"}],"replies":[{"embeddable":true,"href":"https:\/\/celluleka.com\/en\/wp-json\/wp\/v2\/comments?post=2389"}],"version-history":[{"count":1,"href":"https:\/\/celluleka.com\/en\/wp-json\/wp\/v2\/pages\/2389\/revisions"}],"predecessor-version":[{"id":2390,"href":"https:\/\/celluleka.com\/en\/wp-json\/wp\/v2\/pages\/2389\/revisions\/2390"}],"wp:attachment":[{"href":"https:\/\/celluleka.com\/en\/wp-json\/wp\/v2\/media?parent=2389"}],"wp:term":[{"taxonomy":"post_tag","embeddable":true,"href":"https:\/\/celluleka.com\/en\/wp-json\/wp\/v2\/tags?post=2389"}],"curies":[{"name":"wp","href":"https:\/\/api.w.org\/{rel}","templated":true}]}}