{"id":2652,"date":"2021-09-30T21:03:38","date_gmt":"2021-10-01T01:03:38","guid":{"rendered":"http:\/\/celluleka.com\/renaissance\/"},"modified":"2022-03-09T10:31:46","modified_gmt":"2022-03-09T15:31:46","slug":"renaissance","status":"publish","type":"page","link":"https:\/\/celluleka.com\/en\/renaissance\/","title":{"rendered":"Renaissance"},"content":{"rendered":"<p><div class=\"fusion-fullwidth fullwidth-box fusion-builder-row-1 fusion-flex-container nonhundred-percent-fullwidth non-hundred-percent-height-scrolling\" style=\"--awb-border-radius-top-left:0px;--awb-border-radius-top-right:0px;--awb-border-radius-bottom-right:0px;--awb-border-radius-bottom-left:0px;--awb-flex-wrap:wrap;\" ><div class=\"fusion-builder-row fusion-row fusion-flex-align-items-flex-start fusion-flex-content-wrap\" style=\"max-width:1144px;margin-left: calc(-4% \/ 2 );margin-right: calc(-4% \/ 2 );\"><div class=\"fusion-layout-column fusion_builder_column fusion-builder-column-0 fusion_builder_column_1_1 1_1 fusion-flex-column\" style=\"--awb-bg-size:cover;--awb-width-large:100%;--awb-margin-top-large:0px;--awb-spacing-right-large:1.92%;--awb-margin-bottom-large:20px;--awb-spacing-left-large:1.92%;--awb-width-medium:100%;--awb-order-medium:0;--awb-spacing-right-medium:1.92%;--awb-spacing-left-medium:1.92%;--awb-width-small:100%;--awb-order-small:0;--awb-spacing-right-small:1.92%;--awb-spacing-left-small:1.92%;\"><div class=\"fusion-column-wrapper fusion-column-has-shadow fusion-flex-justify-content-flex-start fusion-content-layout-column\"><div class=\"fusion-text fusion-text-1\" style=\"--awb-text-transform:none;\"><p><strong>Renaissance 3<\/strong> from December 12, 2021 to January 9, 2022.<\/p>\n<p>The artists of the group who exhibit at the Galerie B\u00e9cot:<\/p>\n<p>Serge-Philippe Tremblay<br \/>\nPibo<br \/>\nColette Matte<br \/>\n<a href=\"http:\/\/celluleka.com\/en\/tag-artist\/andre-becot-en\/\">Andr\u00e9 B\u00e9cot<\/a><br \/>\nPhilippe Pallafray<br \/>\n<a href=\"http:\/\/celluleka.com\/en\/tag-artist\/carol-poulin-en\/\">Carol Poulin<\/a><br \/>\nJean-Yves Richard<br \/>\n<a href=\"http:\/\/celluleka.com\/en\/tag-artist\/ann-warren-en\/\">Ann Warren<\/a><br \/>\nDon Darby<br \/>\nMartin Bouchard<br \/>\nAristide Gagnon<br \/>\nMarie \u00c9mond<br \/>\nPeter Gnass<br \/>\nJean Gauthier<br \/>\nMichel Boulianne<br \/>\nGabrielle Dumont<br \/>\nNicole Lacroix Thibault<br \/>\nAnne-Julie Gauthier<br \/>\n<a href=\"http:\/\/celluleka.com\/en\/tag-artist\/alain-leblond-en\/\">Alain LeBlond<\/a><br \/>\nGilles Berube<br \/>\nRenald Brisebois<br \/>\nRobert Delisle<br \/>\nGilles Roux<br \/>\n<a href=\"http:\/\/celluleka.com\/en\/tag-artist\/marie-rioux-en\/\">Marie Rioux<\/a><br \/>\nSylvie Grondin<br \/>\nJudith Cameron<br \/>\nPierre P\u00e9pin<br \/>\nGuy Royer<br \/>\nNicole Lemelin<\/p>\n<\/div><a class=\"fusion-modal-text-link\" data-toggle=\"modal\" data-target=\".fusion-modal.Renaissanse 3 en 3D\" href=\"#\">\n<section>\n<div>\n<h2 class=\"align-center\">Visit the B\u00e9cot Gallery in 3D<\/h2>\n<h2><iframe style=\"border: 0;\" src=\"https:\/\/my.matterport.com\/show\/?m=MvH3adw1FnZ&amp;fbclid=IwAR3s7ywG7IBKYpJ3Dh94G8n4s3XaQzkIVtDJal9KMun4mvJNTilDCQLe76c\" width=\"600\" height=\"450\" frameborder=\"0\" allowfullscreen=\"allowfullscreen\"><\/iframe><\/h2>\n<\/div>\n<\/section>\n<\/a><\/div><\/div><div class=\"fusion-layout-column fusion_builder_column fusion-builder-column-1 fusion_builder_column_1_1 1_1 fusion-flex-column\" style=\"--awb-bg-size:cover;--awb-width-large:100%;--awb-margin-top-large:0px;--awb-spacing-right-large:1.92%;--awb-margin-bottom-large:20px;--awb-spacing-left-large:1.92%;--awb-width-medium:100%;--awb-order-medium:0;--awb-spacing-right-medium:1.92%;--awb-spacing-left-medium:1.92%;--awb-width-small:100%;--awb-order-small:0;--awb-spacing-right-small:1.92%;--awb-spacing-left-small:1.92%;\"><div class=\"fusion-column-wrapper fusion-column-has-shadow fusion-flex-justify-content-flex-start fusion-content-layout-column\"><div class=\"fusion-text fusion-text-2\" style=\"--awb-text-transform:none;\"><p>Renaissance 2 from November 14 to December 5, 2021<\/p>\n<p>The artists of the group who exhibit at the Galerie B\u00e9cot:<\/p>\n<p><a href=\"http:\/\/celluleka.com\/en\/tag-artist\/carol-poulin-en\/\">Carol Poulin<\/a><br \/>\nYuki<br \/>\nJP Audet<br \/>\nGilbert S\u00e9vigny<br \/>\n<a href=\"http:\/\/celluleka.com\/en\/artists\/#tab-699ce744a116b4c8409\">Suzette Patry<\/a><br \/>\n<a href=\"http:\/\/celluleka.com\/en\/tag-artist\/klody-tremblay-en\/\">Kl\u00f4dy Tremblay<\/a><br \/>\nChantal-Jane Garant<br \/>\nLyse Marsan<br \/>\nViviane Gruais<br \/>\nMichel Groleau<br \/>\n<a href=\"http:\/\/celluleka.com\/en\/artists\/#tab-94745fd4252e7f00927\">J\u00e9r\u00f4me Morissette<\/a><br \/>\nMichel Raymond<br \/>\nSerge-Philippe Tremblay<br \/>\n<a href=\"http:\/\/celluleka.com\/en\/tag-artist\/barto-en\/\">Barto<\/a><br \/>\nCarole Turgeon<br \/>\nMicheline Bourque<br \/>\nDon Darby<br \/>\nDaniel Tremblay<br \/>\nColette Matte<br \/>\n<a href=\"http:\/\/celluleka.com\/en\/tag-artist\/alain-leblond-en\/\">Alain LeBlond<\/a><br \/>\n<a href=\"http:\/\/celluleka.com\/en\/tag-artist\/andre-becot-en\/\">Andr\u00e9 B\u00e9cot<\/a><br \/>\nJean Bern\u00e8che <a href=\"http:\/\/celluleka.com\/en\/tag-artist\/roger-fournier-en\/\"><br \/>\nRoger Fournier<\/a><br \/>\n\u00c9lo\u00efse Plamondon-Pag\u00e9<\/p>\n<\/div><\/div><\/div><div class=\"fusion-layout-column fusion_builder_column fusion-builder-column-2 fusion_builder_column_1_1 1_1 fusion-flex-column\" style=\"--awb-bg-size:cover;--awb-width-large:100%;--awb-margin-top-large:0px;--awb-spacing-right-large:1.92%;--awb-margin-bottom-large:20px;--awb-spacing-left-large:1.92%;--awb-width-medium:100%;--awb-order-medium:0;--awb-spacing-right-medium:1.92%;--awb-spacing-left-medium:1.92%;--awb-width-small:100%;--awb-order-small:0;--awb-spacing-right-small:1.92%;--awb-spacing-left-small:1.92%;\"><div class=\"fusion-column-wrapper fusion-column-has-shadow fusion-flex-justify-content-flex-start fusion-content-layout-column\"><div class=\"fusion-text fusion-text-3\" style=\"--awb-text-transform:none;\"><p>Renaissance 1 from September 16 to October 27, 2021<\/p>\n<p>The artists of the group who exhibit at the Galerie B\u00e9cot:<\/p>\n<p>Lise Marsan and Guylaine Jacques<br \/>\nIsabelle DeBlois and Manon B\u00e9dard<br \/>\n<a href=\"http:\/\/celluleka.com\/en\/artists\/#tab-94745fd4252e7f00927\">J\u00e9r\u00f4me Morissette<\/a> and Suzanne Cayer<br \/>\nDon Dardy and Lucien Gobeil<br \/>\nJean Bern\u00e8che and Jean Gauthier<br \/>\nAristide Gagnon and <a href=\"http:\/\/celluleka.com\/en\/tag-artist\/alain-leblond-en\/\">Alain LeBlond<\/a><br \/>\nPeter Gnass and B\u00e9atrice Boily<br \/>\n<a href=\"http:\/\/celluleka.com\/en\/tag-artist\/celine-g-lapointe-en\/\">C\u00e9line G. Lapointe<\/a> and Mageline Gagnon<br \/>\nJean Saint-Germain and Marie-\u00c8ve Morel<\/p>\n<\/div><\/div><\/div><\/div><\/div><div class=\"fusion-fullwidth fullwidth-box fusion-builder-row-2 fusion-flex-container nonhundred-percent-fullwidth non-hundred-percent-height-scrolling\" style=\"--awb-border-radius-top-left:0px;--awb-border-radius-top-right:0px;--awb-border-radius-bottom-right:0px;--awb-border-radius-bottom-left:0px;--awb-flex-wrap:wrap;\" ><div class=\"fusion-builder-row fusion-row fusion-flex-align-items-flex-start fusion-flex-content-wrap\" style=\"max-width:1144px;margin-left: calc(-4% \/ 2 );margin-right: calc(-4% \/ 2 );\"><div class=\"fusion-layout-column fusion_builder_column fusion-builder-column-3 fusion_builder_column_1_1 1_1 fusion-flex-column\" style=\"--awb-bg-size:cover;--awb-width-large:100%;--awb-margin-top-large:0px;--awb-spacing-right-large:1.92%;--awb-margin-bottom-large:20px;--awb-spacing-left-large:1.92%;--awb-width-medium:100%;--awb-order-medium:0;--awb-spacing-right-medium:1.92%;--awb-spacing-left-medium:1.92%;--awb-width-small:100%;--awb-order-small:0;--awb-spacing-right-small:1.92%;--awb-spacing-left-small:1.92%;\"><div class=\"fusion-column-wrapper fusion-column-has-shadow fusion-flex-justify-content-flex-start fusion-content-layout-column\"><a class=\"fusion-modal-text-link\" data-toggle=\"modal\" data-target=\".fusion-modal.Visitez la Galerie B\u00e9cot en 3D\" href=\"#\">\n<section>\n<div>\n<h2 class=\"align-center\">Visit the Galerie B\u00e9cot in 3D<\/h2>\n<h2><iframe style=\"border: 0;\" src=\"https:\/\/my.matterport.com\/show\/?m=YhegNAFsNm9&amp;fbclid=IwAR3U6PreKlwwG_Nphd_dyPLqS0QJnv3AeJ3JXPg4AJkslGW_K9vWl8jPAVY\" width=\"600\" height=\"450\" frameborder=\"0\" allowfullscreen=\"allowfullscreen\"><\/iframe><\/h2>\n<\/div>\n<\/section>\n<\/a><\/div><\/div><\/div><\/div><\/p>\n","protected":false},"excerpt":{"rendered":"","protected":false},"author":1,"featured_media":0,"parent":0,"menu_order":0,"comment_status":"closed","ping_status":"closed","template":"","meta":{"_monsterinsights_skip_tracking":false,"_monsterinsights_sitenote_active":false,"_monsterinsights_sitenote_note":"","_monsterinsights_sitenote_category":0,"footnotes":""},"tags":[],"class_list":["post-2652","page","type-page","status-publish","hentry"],"_links":{"self":[{"href":"https:\/\/celluleka.com\/en\/wp-json\/wp\/v2\/pages\/2652","targetHints":{"allow":["GET"]}}],"collection":[{"href":"https:\/\/celluleka.com\/en\/wp-json\/wp\/v2\/pages"}],"about":[{"href":"https:\/\/celluleka.com\/en\/wp-json\/wp\/v2\/types\/page"}],"author":[{"embeddable":true,"href":"https:\/\/celluleka.com\/en\/wp-json\/wp\/v2\/users\/1"}],"replies":[{"embeddable":true,"href":"https:\/\/celluleka.com\/en\/wp-json\/wp\/v2\/comments?post=2652"}],"version-history":[{"count":2,"href":"https:\/\/celluleka.com\/en\/wp-json\/wp\/v2\/pages\/2652\/revisions"}],"predecessor-version":[{"id":2654,"href":"https:\/\/celluleka.com\/en\/wp-json\/wp\/v2\/pages\/2652\/revisions\/2654"}],"wp:attachment":[{"href":"https:\/\/celluleka.com\/en\/wp-json\/wp\/v2\/media?parent=2652"}],"wp:term":[{"taxonomy":"post_tag","embeddable":true,"href":"https:\/\/celluleka.com\/en\/wp-json\/wp\/v2\/tags?post=2652"}],"curies":[{"name":"wp","href":"https:\/\/api.w.org\/{rel}","templated":true}]}}