{"id":2870,"date":"2022-03-18T22:06:39","date_gmt":"2022-03-19T02:06:39","guid":{"rendered":"http:\/\/celluleka.com\/?post_type=product&#038;p=2870"},"modified":"2022-04-06T10:15:09","modified_gmt":"2022-04-06T14:15:09","slug":"dragon-1-en","status":"publish","type":"product","link":"https:\/\/celluleka.com\/en\/boutique\/dragon-1-en\/","title":{"rendered":"Dragon 1"},"content":{"rendered":"<table width=\"450\">\n<tbody>\n<tr>\n<td width=\"185\">Artist \u753b\u5bb6<\/td>\n<td>Jing Xuan \u9759\u8f69<\/td>\n<\/tr>\n<tr>\n<td width=\"185\">Title \u9898\u76ee<\/td>\n<td>\u9f99 l\u00f3ng Dragon 1<\/td>\n<\/tr>\n<tr>\n<td width=\"185\">Year \u521b\u4f5c\u5e74\u4efd<\/td>\n<td>2011<\/td>\n<\/tr>\n<tr>\n<td width=\"185\">Dimensions \u5c3a\u5bf8<\/td>\n<td>33cm x 45cm<br \/>\n(50 cm x 60 cm with silk)<\/td>\n<\/tr>\n<tr>\n<td width=\"185\">Issue \u4f5c\u54c1\u7f16\u53f7<\/td>\n<td>jx107<\/td>\n<\/tr>\n<tr>\n<td width=\"185\">Type \u4f5c\u54c1\u7c7b\u578b<\/td>\n<td>Calligraphy \u4e66\u6cd5<\/td>\n<\/tr>\n<tr>\n<td width=\"185\">Style \u4f5c\u54c1\u98ce\u683c\/\u5b57\u4f53<\/td>\n<td>The style of the scribes, \u96b6\u4e66 l\u00ecsh\u016b<\/td>\n<\/tr>\n<tr>\n<td width=\"185\">Support \u4f5c\u54c1\u7528\u6750<\/td>\n<td>Ink on rice paper glued to silk<br \/>\n\u4e2d\u56fd\u5ba3\u7eb8\uff0c\u58a8, \u7eeb\u88f1<\/td>\n<\/tr>\n<tr>\n<td colspan=\"2\" width=\"100%\">Text on the right \u9644\u6587<\/td>\n<\/tr>\n<tr>\n<td colspan=\"2\">Happy New Year of the Dragon. \u9f99\u5e74\u5927\u5409 l\u00f3ngni\u00e1n d\u00e0j\u00ed<\/td>\n<\/tr>\n<tr>\n<td colspan=\"2\">Meaning \u6ce8\u89e3<\/td>\n<\/tr>\n<tr>\n<td colspan=\"2\" width=\"100%\">The Dragon is the first of the twelve signs of the Chinese zodiac. The Dragon is an animal imagined by the ancestors of the Chinese eight thousand years ago. The Chinese define themselves as the descendants of the Dragon. The Dragon represents the spirit of cohesion and unity, benefits for humanity and a valiant and innovative spirit<\/td>\n<\/tr>\n<\/tbody>\n<\/table>\n","protected":false},"excerpt":{"rendered":"<p>Artist: <strong><a href=\"http:\/\/celluleka.com\/?page_id=112\">Jing Xuan<\/a><\/strong><\/p>\n<p>Calligraphy style of scribes<\/p>\n<p>Dimensions: H 33 cm x W 45 cm; H 13&#8243; x W 17.7&#8243;<br \/>\n(50 cm x 60 cm with silk)<\/p>\n","protected":false},"featured_media":2872,"comment_status":"closed","ping_status":"closed","template":"","meta":{"_monsterinsights_skip_tracking":false,"_monsterinsights_sitenote_active":false,"_monsterinsights_sitenote_note":"","_monsterinsights_sitenote_category":0},"tags":[166],"product_brand":[],"product_cat":[98],"false":[165],"class_list":{"0":"post-2870","1":"product","2":"type-product","3":"status-publish","4":"has-post-thumbnail","6":"tag-jing-xuan-en","7":"product_cat-calligraphies-en","8":"product_tag-jing-xuan-en","10":"first","11":"instock","12":"sold-individually","13":"taxable","14":"shipping-taxable","15":"purchasable","16":"product-type-simple"},"_links":{"self":[{"href":"https:\/\/celluleka.com\/en\/wp-json\/wp\/v2\/product\/2870","targetHints":{"allow":["GET"]}}],"collection":[{"href":"https:\/\/celluleka.com\/en\/wp-json\/wp\/v2\/product"}],"about":[{"href":"https:\/\/celluleka.com\/en\/wp-json\/wp\/v2\/types\/product"}],"replies":[{"embeddable":true,"href":"https:\/\/celluleka.com\/en\/wp-json\/wp\/v2\/comments?post=2870"}],"wp:featuredmedia":[{"embeddable":true,"href":"https:\/\/celluleka.com\/en\/wp-json\/wp\/v2\/media\/2872"}],"wp:attachment":[{"href":"https:\/\/celluleka.com\/en\/wp-json\/wp\/v2\/media?parent=2870"}],"wp:term":[{"taxonomy":"post_tag","embeddable":true,"href":"https:\/\/celluleka.com\/en\/wp-json\/wp\/v2\/tags?post=2870"},{"taxonomy":"product_brand","embeddable":true,"href":"https:\/\/celluleka.com\/en\/wp-json\/wp\/v2\/product_brand?post=2870"},{"taxonomy":"product_cat","embeddable":true,"href":"https:\/\/celluleka.com\/en\/wp-json\/wp\/v2\/product_cat?post=2870"},{"taxonomy":"product_tag","embeddable":true,"href":"https:\/\/celluleka.com\/en\/wp-json\/wp\/v2\/false?post=2870"}],"curies":[{"name":"wp","href":"https:\/\/api.w.org\/{rel}","templated":true}]}}