{"id":2939,"date":"2022-03-22T21:24:42","date_gmt":"2022-03-23T01:24:42","guid":{"rendered":"http:\/\/celluleka.com\/?post_type=product&#038;p=2939"},"modified":"2022-04-06T10:14:25","modified_gmt":"2022-04-06T14:14:25","slug":"dragon-2-en","status":"publish","type":"product","link":"https:\/\/celluleka.com\/en\/boutique\/dragon-2-en\/","title":{"rendered":"Dragon 2"},"content":{"rendered":"<table style=\"font-family: sans-serif, sans-serif; font-size: 10pt; margin-left: 20px;\" border=\"0\" width=\"450\" cellspacing=\"0\" cellpadding=\"0\" bgcolor=\"#FFFFFF\">\n<tbody>\n<tr>\n<td class=\"Style1\" style=\"font-family: sans-serif; font-size: 10pt; width: 185;\" valign=\"top\">Artist \u753b\u5bb6<\/td>\n<td class=\"auto-style14\" style=\"font-family: sans-serif; font-size: 10pt;\" valign=\"top\">Jing Xuan \u9759\u8f69<\/td>\n<\/tr>\n<tr>\n<td class=\"Style1\" style=\"font-family: sans-serif; font-size: 10pt; width: 185;\" valign=\"top\">Title \u9898\u76ee<\/td>\n<td class=\"auto-style14\" valign=\"top\">\u9f99 l\u00f3ng, Dragon 2<\/td>\n<\/tr>\n<tr>\n<td class=\"Style1\" style=\"font-family: sans-serif; font-size: 10pt; width: 185; height: 16px;\" valign=\"top\">Year \u521b\u4f5c\u5e74\u4efd<\/td>\n<td class=\"auto-style14\" style=\"font-family: sans-serif; font-size: 10pt; height: 16px;\" valign=\"top\">2011<\/td>\n<\/tr>\n<tr>\n<td class=\"Style1\" style=\"font-family: sans-serif; font-size: 10pt; width: 185; height: 16px;\" valign=\"top\">Dimensions \u5c3a\u5bf8<\/td>\n<td class=\"auto-style14\" style=\"height: 16px;\" valign=\"top\">33cm x 45cm<br \/>\n(50 cm x 60 cm with silk)<\/td>\n<\/tr>\n<tr>\n<td class=\"Style1\" style=\"height: 16px; width: 185;\" valign=\"top\">Issue \u4f5c\u54c1\u7f16\u53f7<\/td>\n<td class=\"auto-style14\" style=\"font-family: sans-serif; font-size: 10pt; height: 16px;\" valign=\"top\">jx108<\/td>\n<\/tr>\n<tr>\n<td class=\"Style1\" style=\"font-family: sans-serif; font-size: 10pt; width: 185;\" valign=\"top\">Type \u4f5c\u54c1\u7c7b\u578b<\/td>\n<td class=\"auto-style14\" style=\"font-family: sans-serif; font-size: 10pt;\" valign=\"top\">Calligraphy \u4e66\u6cd5<\/td>\n<\/tr>\n<tr>\n<td class=\"Style1\" style=\"font-family: sans-serif; font-size: 10pt; width: 185;\" valign=\"top\">Style \u4f5c\u54c1\u98ce\u683c\/\u5b57\u4f53<\/td>\n<td class=\"auto-style14\" valign=\"top\">The style of grass \u8349\u4e66 c\u01ceosh\u016b<\/td>\n<\/tr>\n<tr>\n<td class=\"Style1\" style=\"font-family: sans-serif; font-size: 10pt; width: 185;\" valign=\"top\">Support \u4f5c\u54c1\u7528\u6750<\/td>\n<td class=\"auto-style14\" style=\"font-family: sans-serif; font-size: 10pt;\" valign=\"top\">Ink on rice paper glued to silk<br \/>\n\u4e2d\u56fd\u5ba3\u7eb8\uff0c\u58a8, \u7eeb\u88f1<\/td>\n<\/tr>\n<tr>\n<td class=\"auto-style14\" style=\"font-family: sans-serif; font-size: 10pt;\" colspan=\"2\" valign=\"top\" width=\"100%\">Text on the right and left \u9644\u6587<\/td>\n<\/tr>\n<tr>\n<td class=\"auto-style16\" style=\"height: 16px;\" colspan=\"2\" valign=\"top\">The sea is the universe of the Dragon, the cloud is the house of the Crane.<br \/>\n\u6d77\u4e3a\u9f99\u4e16\u754c\uff0c\u4e91\u4e3a\u9e64\u5bb6\u4e61<br \/>\nh\u01cei w\u00e9i l\u00f3ng sh\u00ecji\u00e8, y\u00fan w\u00e9i h\u00e8 ji\u0101xi\u0101ng<\/td>\n<\/tr>\n<tr>\n<td class=\"auto-style9\" style=\"font-family: sans-serif; font-size: 10pt;\" colspan=\"2\" valign=\"top\">Meaning \u6ce8\u89e3<\/td>\n<\/tr>\n<tr>\n<td class=\"auto-style14\" style=\"font-family: sans-serif; font-size: 10pt;\" colspan=\"2\" valign=\"top\" width=\"100%\">In Confucianism and Taoism the Dragon symbolizes the Chinese and the Crane longevity. This sentence expresses a grandiose vision of the universe as well as the freedom that inhabits it.<\/td>\n<\/tr>\n<\/tbody>\n<\/table>\n","protected":false},"excerpt":{"rendered":"<p>Artist: <strong><a href=\"http:\/\/celluleka.com\/?page_id=112\">Jing Xuan<\/a><\/strong><\/p>\n<p>Calligraphy style of scribes<\/p>\n<p>Dimensions: H 33 cm x W 45 cm; H 13&#8243; x W 17.7&#8243;<br \/>\n(50 cm x 60 cm with silk)<\/p>\n","protected":false},"featured_media":2941,"comment_status":"closed","ping_status":"closed","template":"","meta":{"_monsterinsights_skip_tracking":false,"_monsterinsights_sitenote_active":false,"_monsterinsights_sitenote_note":"","_monsterinsights_sitenote_category":0},"tags":[166],"product_brand":[],"product_cat":[98],"false":[165],"class_list":{"0":"post-2939","1":"product","2":"type-product","3":"status-publish","4":"has-post-thumbnail","6":"tag-jing-xuan-en","7":"product_cat-calligraphies-en","8":"product_tag-jing-xuan-en","10":"first","11":"instock","12":"sold-individually","13":"taxable","14":"shipping-taxable","15":"purchasable","16":"product-type-simple"},"_links":{"self":[{"href":"https:\/\/celluleka.com\/en\/wp-json\/wp\/v2\/product\/2939","targetHints":{"allow":["GET"]}}],"collection":[{"href":"https:\/\/celluleka.com\/en\/wp-json\/wp\/v2\/product"}],"about":[{"href":"https:\/\/celluleka.com\/en\/wp-json\/wp\/v2\/types\/product"}],"replies":[{"embeddable":true,"href":"https:\/\/celluleka.com\/en\/wp-json\/wp\/v2\/comments?post=2939"}],"wp:featuredmedia":[{"embeddable":true,"href":"https:\/\/celluleka.com\/en\/wp-json\/wp\/v2\/media\/2941"}],"wp:attachment":[{"href":"https:\/\/celluleka.com\/en\/wp-json\/wp\/v2\/media?parent=2939"}],"wp:term":[{"taxonomy":"post_tag","embeddable":true,"href":"https:\/\/celluleka.com\/en\/wp-json\/wp\/v2\/tags?post=2939"},{"taxonomy":"product_brand","embeddable":true,"href":"https:\/\/celluleka.com\/en\/wp-json\/wp\/v2\/product_brand?post=2939"},{"taxonomy":"product_cat","embeddable":true,"href":"https:\/\/celluleka.com\/en\/wp-json\/wp\/v2\/product_cat?post=2939"},{"taxonomy":"product_tag","embeddable":true,"href":"https:\/\/celluleka.com\/en\/wp-json\/wp\/v2\/false?post=2939"}],"curies":[{"name":"wp","href":"https:\/\/api.w.org\/{rel}","templated":true}]}}